{"id":7622,"date":"2018-06-29T08:18:05","date_gmt":"2018-06-29T06:18:05","guid":{"rendered":"http:\/\/www.grundschule-amhohenfeld.de\/?page_id=7622"},"modified":"2018-06-29T09:24:50","modified_gmt":"2018-06-29T07:24:50","slug":"eltern_haften_internet","status":"publish","type":"page","link":"https:\/\/www.grundschule-amhohenfeld.de\/eltern_haften_internet\/","title":{"rendered":"Haften Eltern, wenn Kinder im Internet illegal unterwegs sind?"},"content":{"rendered":"<h2>Ein Text des Berufsverbands der Rechtsjournalisten e.V.<\/h2>\n<p>Tablets, Smartphones, Laptops oder die Spielkonsole \u2013 die Vernetzung beziehungsweise das Internet ist fast \u00fcberall Teil des Alltags. Kindern den Einstieg in die digitale Welt zu erm\u00f6glichen und so einfach wie m\u00f6glich zu gestalten, ist wohl eine der anspruchsvollsten Aufgaben in diesem Zusammenhang.<\/p>\n<p>Nicht nur die Zeit, die online verbracht wird, spielt eine Rolle, auch die Inhalte, die Kindern zur Verf\u00fcgung gestellt werden, haben eine gro\u00dfe Bedeutung. Rechtliche Grundlagen oder drohende Konsequenzen f\u00fcr ein Vorgehen im Internet sind dabei vielen Eltern jedoch eher selten bekannt bzw. schwer nachvollziehbar. Das bedeutet meist, dass sie nicht genau wissen, wie sie ihren Kindern die Folgen bestimmter Handlungen klar und verst\u00e4ndlich vermitteln k\u00f6nnen.<\/p>\n<h2>Wann kann der Internetausflug der Kinder zum Problem werden?<\/h2>\n<p>Rechtlich k\u00f6nnen die Internetaktivit\u00e4ten der Kinder sich zu einer komplizierten Angelegenheit entwickeln. Ein wichtiger Punkt in diesem Zusammenhang ist die Haftung der Eltern. M\u00fcssen Eltern beispielsweise daf\u00fcr einstehen, wenn Kinder illegal Musik herunterladen? Was kann genau passieren, wenn Kinder im Internet gegen das Gesetz versto\u00dfen?<\/p>\n<p>Mit diesen Fragen hat sich bereits der Bundesgerichtshof mehrfach auseinandergesetzt und in einigen Urteilen bestimmt, wann Eltern f\u00fcr die Verst\u00f6\u00dfe ihrer Kinder einstehen m\u00fcssen.<br \/>\nIn der Rechtsprechung wird hier jedoch nicht von einer Haftung gesprochen, sondern von der sogenannten St\u00f6rerhaftung. Diese tritt immer dann ein, wenn das Urheberrecht in irgendeiner Weise gest\u00f6rt wird. In einem solchen Fall muss der St\u00f6rer des Urheberrechts die Haftung f\u00fcr diese Verst\u00f6\u00dfe \u00fcbernehmen.<\/p>\n<p>L\u00e4dt ein Kind zum Beispiel einen Song oder ein Videospiel aus illegalen Quellen herunter, wird das Urheberrecht verletzt und das Kind wird somit zum St\u00f6rer. Aber auch Personen, die zu einer solchen Verletzung beitragen, aber nicht unbedingt der eigentliche T\u00e4ter sind, k\u00f6nnen St\u00f6rer sein. Eltern sind demnach in bestimmten F\u00e4llen selbst St\u00f6rer, weil sie die Handlungen der Kinder nicht verhindert haben.<\/p>\n<h2>Haftung der Eltern: Das ist wichtig zu wissen<\/h2>\n<p>Eltern haften zum Beispiel dann, wenn \u00fcber ihren Internetanschluss illegal Daten heruntergeladen bzw. geteilt werden und der Zugriff gar nicht oder nicht ausreichend gesichert ist. Das Passwort f\u00fcr den Router sollte also nicht das vom Werk vorgegebene sein und bestimmten Anforderungen entsprechen.<\/p>\n<p>Eltern m\u00fcssen als Anschlussinhaber, gem\u00e4\u00df dem Urteil des Bundesgerichtshofes vom 30.03.2017 nachweisen, dass sie die Rechtsverletzung nicht begangen haben. Das hei\u00dft konkret, Eltern m\u00fcssen f\u00fcr ihre minderj\u00e4hrigen Kinder haften und f\u00fcr die Abmahnung einstehen, wenn sie von der Urheberrechtsverletzung wussten.<\/p>\n<p>Eltern sind jedoch nicht verpflichtet, den Internetgebrauch der Kinder \u00fcberm\u00e4\u00dfig zu kontrollieren, wenn sie die Kinder \u00fcber die Gefahren im Internet und Konsequenzen ausreichend aufgekl\u00e4rt haben. Kinder m\u00fcssen sich also bewusst sein, dass eine Abmahnung oder Geldforderungen die Folge sein k\u00f6nnen. Sind Kinder zu jung, um die Konsequenzen absch\u00e4tzen zu k\u00f6nnen, sollten Eltern die Internetnutzung ohnehin kontrollieren und immer ein Auge darauf haben, welche Seiten oder Dienste die Kinder aufrufen.<\/p>\n<p>Am Ende ist es jedoch immer eine Einzelfallentscheidung, ob die Eltern f\u00fcr die Handlungen der Kinder haften m\u00fcssen oder nicht. Welche Bedeutung und Auswirkungen diese Art der Haftung sowie die Urteile des Bundesgerichtshofes noch haben k\u00f6nnen, wird ausf\u00fchrlich im Ratgeber zum Thema unter <a href=\"https:\/\/www.filesharingabmahnung.de\/stoererhaftung-eltern\/\" target=\"_blank\" rel=\"noopener\">https:\/\/www.filesharingabmahnung.de\/stoererhaftung-eltern\/<\/a> beschrieben.<\/p>\n","protected":false},"excerpt":{"rendered":"<p>Ein Text des Berufsverbands der Rechtsjournalisten e.V. Tablets, Smartphones, Laptops oder die Spielkonsole \u2013 die Vernetzung beziehungsweise das Internet ist fast \u00fcberall Teil des Alltags. Kindern den Einstieg in die digitale Welt zu erm\u00f6glichen und so einfach wie m\u00f6glich zu gestalten, ist wohl eine der anspruchsvollsten Aufgaben in diesem Zusammenhang. Nicht nur die Zeit, die [&hellip;]<\/p>\n","protected":false},"author":7,"featured_media":7623,"parent":0,"menu_order":0,"comment_status":"closed","ping_status":"closed","template":"","meta":{"ngg_post_thumbnail":0,"footnotes":""},"_links":{"self":[{"href":"https:\/\/www.grundschule-amhohenfeld.de\/wp-json\/wp\/v2\/pages\/7622"}],"collection":[{"href":"https:\/\/www.grundschule-amhohenfeld.de\/wp-json\/wp\/v2\/pages"}],"about":[{"href":"https:\/\/www.grundschule-amhohenfeld.de\/wp-json\/wp\/v2\/types\/page"}],"author":[{"embeddable":true,"href":"https:\/\/www.grundschule-amhohenfeld.de\/wp-json\/wp\/v2\/users\/7"}],"replies":[{"embeddable":true,"href":"https:\/\/www.grundschule-amhohenfeld.de\/wp-json\/wp\/v2\/comments?post=7622"}],"version-history":[{"count":3,"href":"https:\/\/www.grundschule-amhohenfeld.de\/wp-json\/wp\/v2\/pages\/7622\/revisions"}],"predecessor-version":[{"id":7635,"href":"https:\/\/www.grundschule-amhohenfeld.de\/wp-json\/wp\/v2\/pages\/7622\/revisions\/7635"}],"wp:featuredmedia":[{"embeddable":true,"href":"https:\/\/www.grundschule-amhohenfeld.de\/wp-json\/wp\/v2\/media\/7623"}],"wp:attachment":[{"href":"https:\/\/www.grundschule-amhohenfeld.de\/wp-json\/wp\/v2\/media?parent=7622"}],"curies":[{"name":"wp","href":"https:\/\/api.w.org\/{rel}","templated":true}]}}