{"id":7514,"date":"2018-06-07T08:26:23","date_gmt":"2018-06-07T06:26:23","guid":{"rendered":"http:\/\/www.grundschule-amhohenfeld.de\/?page_id=7514"},"modified":"2020-05-13T14:17:40","modified_gmt":"2020-05-13T12:17:40","slug":"hochbegabt","status":"publish","type":"page","link":"https:\/\/www.grundschule-amhohenfeld.de\/hochbegabt\/","title":{"rendered":"Begabtenf\u00f6rderung"},"content":{"rendered":"<h4>Begabtenf\u00f6rderung an unserer Grundschule<\/h4>\n<p>In den letzten Jahren hat sich im Bildungssystem viel getan, um Sch\u00fcler zu f\u00f6rdern, die hinter den Leistungen ihrer gleichaltrigen Mitsch\u00fcler zur\u00fcckbleiben. Verpflichtende Rechtschreibtests f\u00fcr alle Sch\u00fcler sind keine Seltenheit mehr, Sch\u00fcler mit Beeintr\u00e4chtigungen bekommen eine Integrationskraft an die Seite gestellt und dank der Pflicht zur Inklusion ist auch eine Behinderung gleich welcher Art kein Hinderungsgrund f\u00fcr den Besuch einer Regelschule. In der Diskussion au\u00dfen vor gelassen werden aber noch immer &#8211; von Einzelinitiativen abgesehen &#8211; hoch begabte Sch\u00fcler, die <b>den Leistungen ihrer Mitsch\u00fcler weit voraus<\/b> sind. Begabtenf\u00f6rderung wird hier als <b>besondere intellektuelle Begabung<\/b> verstanden und orientiert sich an den <b>F\u00e4higkeiten zur Probleml\u00f6sung und Auffassungsgabe<\/b>, die in den herk\u00f6mmlichen Intelligenztests erhoben werden. Davon unber\u00fchrt ist, dass es auch andere besondere Begabungen gibt, im musikalischen, sportlichen, sprachlichen oder handwerklichen Bereich, die mit dem \u00fcblichen Intelligenztest allerdings nicht erfasst und gemessen werden.&nbsp;<sub><a href=\"https:\/\/www.lernando.de\/magazin\/353\/Hochbegabtenfoerderung-in-der-Grundschule\" target=\"_blank\" rel=\"noopener noreferrer\">Quelle<\/a><\/sub><\/p>\n<p>Wir bieten an unserer Schule diverse M\u00f6glichkeiten, auch Kinder mit besonderen intellektuellen Begabungen zu f\u00f6rdern und zu unterst\u00fctzen. Unterhalb finden Sie unser Angebot.&nbsp;Sollten Sie spezielle Fragen zu diesem Thema haben, dann <a href=\"http:\/\/www.grundschule-amhohenfeld.de\/kontakt\/\">kontaktieren<\/a> Sie uns bitte &#8211; wir beraten Sie sehr gerne.<\/p>\n<div dir=\"auto\">\n<div class=\"grid-25 grid-parent\">\n<div class=\"inside-grid-title\"><strong><i class=\"fa fa-book\" style=\"font-size: 20px; padding-right: 15px;\"><\/i><a href=\"http:\/\/www.grundschule-amhohenfeld.de\/koepfchen-statt-kohle\/\">AG Energiemanager<\/a><\/strong><\/div>\n<div class=\"inside-grid\">Donnerstag von 14.30 Uhr bis 16.00 Uhr Ansprechpartner: Frau Jacobsen<\/div>\n<\/div>\n<div class=\"grid-25 grid-parent\">\n<div class=\"inside-grid-title\"><strong><i class=\"fa fa-book\" style=\"font-size: 20px; padding-right: 15px;\"><\/i><a href=\"http:\/\/www.grundschule-amhohenfeld.de\/7311-2\/\">AG Schach<\/a><\/strong><\/div>\n<div class=\"inside-grid\">Montag und Donnerstags von 14:00 Uhr bis 14:45 Uhr Ansprechpartner: Herr Rodr\u00edguez<\/div>\n<\/div>\n<div class=\"grid-25 grid-parent\">\n<div class=\"inside-grid-title\"><strong><i class=\"fa fa-book\" style=\"font-size: 20px; padding-right: 15px;\"><\/i><a href=\"http:\/\/www.grundschule-amhohenfeld.de\/kontakt\/\">Begabten Forderunterricht<\/a><\/strong><\/div>\n<div class=\"inside-grid\">Jeweils Mathematik und Deutsch in der 0. Stunde Ansprechpartner: Unsere Schulleitung<\/div>\n<\/div>\n<div class=\"grid-25 grid-parent\">\n<div class=\"inside-grid-title\"><strong><i class=\"fa fa-book\" style=\"font-size: 20px; padding-right: 15px;\"><\/i><a href=\"http:\/\/www.grundschule-amhohenfeld.de\/kontakt\/\">Beratung zum Thema Begabtenf\u00f6rderung<\/a><\/strong><\/div>\n<div class=\"inside-grid\">Nach Terminvereinbarung \u00fcber das Sekretariat Anspechpartner: Unsere Schulleitung<\/div>\n<\/div>\n<\/div>\n","protected":false},"excerpt":{"rendered":"<p>Begabtenf\u00f6rderung an unserer Grundschule In den letzten Jahren hat sich im Bildungssystem viel getan, um Sch\u00fcler zu f\u00f6rdern, die hinter den Leistungen ihrer gleichaltrigen Mitsch\u00fcler zur\u00fcckbleiben. Verpflichtende Rechtschreibtests f\u00fcr alle Sch\u00fcler sind keine Seltenheit mehr, Sch\u00fcler mit Beeintr\u00e4chtigungen bekommen eine Integrationskraft an die Seite gestellt und dank der Pflicht zur Inklusion ist auch eine Behinderung [&hellip;]<\/p>\n","protected":false},"author":7,"featured_media":0,"parent":0,"menu_order":0,"comment_status":"closed","ping_status":"closed","template":"","meta":{"ngg_post_thumbnail":0,"footnotes":""},"_links":{"self":[{"href":"https:\/\/www.grundschule-amhohenfeld.de\/wp-json\/wp\/v2\/pages\/7514"}],"collection":[{"href":"https:\/\/www.grundschule-amhohenfeld.de\/wp-json\/wp\/v2\/pages"}],"about":[{"href":"https:\/\/www.grundschule-amhohenfeld.de\/wp-json\/wp\/v2\/types\/page"}],"author":[{"embeddable":true,"href":"https:\/\/www.grundschule-amhohenfeld.de\/wp-json\/wp\/v2\/users\/7"}],"replies":[{"embeddable":true,"href":"https:\/\/www.grundschule-amhohenfeld.de\/wp-json\/wp\/v2\/comments?post=7514"}],"version-history":[{"count":30,"href":"https:\/\/www.grundschule-amhohenfeld.de\/wp-json\/wp\/v2\/pages\/7514\/revisions"}],"predecessor-version":[{"id":8634,"href":"https:\/\/www.grundschule-amhohenfeld.de\/wp-json\/wp\/v2\/pages\/7514\/revisions\/8634"}],"wp:attachment":[{"href":"https:\/\/www.grundschule-amhohenfeld.de\/wp-json\/wp\/v2\/media?parent=7514"}],"curies":[{"name":"wp","href":"https:\/\/api.w.org\/{rel}","templated":true}]}}