{"id":7258,"date":"2018-03-13T15:45:11","date_gmt":"2018-03-13T14:45:11","guid":{"rendered":"http:\/\/www.grundschule-amhohenfeld.de\/?page_id=7258"},"modified":"2018-03-13T15:58:06","modified_gmt":"2018-03-13T14:58:06","slug":"musical-projektwochen-zum-20-schulgeburtstag","status":"publish","type":"page","link":"https:\/\/www.grundschule-amhohenfeld.de\/musical-projektwochen-zum-20-schulgeburtstag\/","title":{"rendered":"Musical Projektwochen zum 20. Schulgeburtstag"},"content":{"rendered":"<h3>Liebe Eltern,<\/h3>\n<p>unsere \u201eGrundschule am Hohen Feld\u201c wird in diesem Jahr 20 Jahre alt.<br \/>\n Diesen Geburtstag m\u00f6chten wir gemeinsam mit Ihren Kindern mit einem gro\u00dfen Musical-Projekt feiern. Dabei unterst\u00fctzt uns die Westerland-Musikschule.<br \/>\n Thematisch begleiten uns dabei die 4 Elemente: Wasser, Feuer, Luft und Erde. F\u00fcr die Proben ben\u00f6tigt Ihr Kind Sportzeug. Einen Probenplan erh\u00e4lt Ihr Kind rechtzeitig.<\/p>\n<p>Die Kosten <strong>pro Kind betragen 7\u20ac* (incl. T-Shirt)<\/strong>, die Sie bitte bis <strong>13.04.2018<\/strong> an die Klassenlehrer*innen zahlen.<\/p>\n<p>Den feierlichen H\u00f6hepunkt unserer Projektwochen bilden die <strong>Abschlusskonzerte<\/strong> am Freitag, 27.04.2018 mit allen Kindern in der Turnhalle. Dazu laden wir Sie recht herzlich ein.<\/p>\n<p>Laut Beschluss der Schulkonferenz vom 6.03.2018 ist die Teilnahme am Vor- und Nachmittagskonzert am 27.04.2018 f\u00fcr alle Kinder verpflichtend (schulische Veranstaltung).<\/p>\n<p>Das <em>Vormittagskonzert um 10 Uhr<\/em> ist f\u00fcr Gro\u00dfeltern und Kita-Kinder reserviert. (Tageskasse, Sporthalle). F\u00fcr das <em>Nachmittagskonzert um 15.30 Uhr<\/em> k\u00f6nnen Sie ab 16.4.2018 beim Klassenlehrer zwei Eintrittskarten pro Schulkind erwerben. Alle Karten kosten: f\u00fcr Erwachsene 2\u20ac, f\u00fcr ein Geschwisterkind 1\u20ac. Der Betrag kann Ihnen bei Nichteinl\u00f6sen der Eintrittskarten nicht erstattet werden.<\/p>\n<p>An beiden Abschlusskonzerten tragen die Kinder keine Kost\u00fcme. Sie beeindrucken die Zuschauer durch die gleichfarbigen Shirts. Zum Schminken der Gesichter Ihrer Kinder ben\u00f6tigen wir Ihre Unterst\u00fctzung. Haben Sie Zeit und Spa\u00df daran, Kinder vor den Abschlusskonzerten zu schminken? Den Abschluss unseres Nachmittagskonzertes bildet ein Umzug in der Achillesstra\u00dfe, um die Anwohner in unserem Wohngebiet am Schulgeburtstag teilhaben zu lassen.<\/p>\n<p>Das Musical-Projekt wird mit Foto- und ggf. Filmaufnahmen begleitet. Sie k\u00f6nnen nach unseren Projektwochen eine DVD mit den Aufnahmen erwerben. Wir bitten Sie, w\u00e4hrend der Veranstaltung nicht zu fotografieren bzw. zu filmen. Genie\u00dfen Sie den Auftritt Ihrer Kinder. Haben Sie Ideen zur Bereicherung der Projektwochen (z.B. als Helfer \u2026), haben Sie Fragen oder Anregungen? Dann wenden Sie sich bitte an Ihre*n Klassenlehrer*rin.<\/p>\n<h3>Organisatorisch ist f\u00fcr Sie noch wichtig:<\/h3>\n<p>Der <strong>Schwimmunterricht<\/strong> entf\u00e4llt f\u00fcr die 2a und 2b in beiden Wochen, f\u00fcr die J\u00fcL- Gruppen und die 3. Klassen entf\u00e4llt er am 26.04. und 27.04.2018.<br \/>\n Die <strong>VERA<\/strong>-Vergleichsarbeiten in Klasse 3 werden jeweils am 17.04. (Mathematik) 19.04. (Deutsch 1) und 24.04. (Deutsch 2) um 8 Uhr geschrieben.<\/p>\n<p>Wir freuen uns darauf, die Projektwochen mit Ihren Kindern und Ihnen zu gestalten und unser 20j\u00e4hriges Bestehen w\u00fcrdig zu feiern.<\/p>\n<p>Mit freundlichen Gr\u00fc\u00dfen<br \/>\n Direktor Imke, 8.03.2018<\/p>\n<p>Das offizielle Dokument k\u00f6nnen Sie hier herunter laden:&nbsp;<div class='w3eden'><!-- WPDM Link Template: Default Template -->\n\n<div class=\"link-template-default card mb-2\">\n    <div class=\"card-body\">\n        <div class=\"media\">\n            <div class=\"mr-3 img-48\"><img decoding=\"async\" class=\"wpdm_icon\" alt=\"Icon\"   src=\"http:\/\/www.grundschule-amhohenfeld.de\/wp-content\/plugins\/download-manager\/assets\/file-type-icons\/pdf.png\" \/><\/div>\n            <div class=\"media-body\">\n                <h3 class=\"package-title\"><a href='https:\/\/www.grundschule-amhohenfeld.de\/download\/musical-projektwochen-zum-20-schulgeburtstag\/'>Musical Projektwochen zum 20. Schulgeburtstag<\/a><\/h3>\n                <div class=\"text-muted text-small\"><i class=\"fas fa-copy\"><\/i> 1 Datei(en) <i class=\"fas fa-hdd ml-3\"><\/i> 228 kb<\/div>\n            <\/div>\n            <div class=\"ml-3\">\n                <a class='wpdm-download-link download-on-click btn btn-primary btn-xs' rel='nofollow' href='#' data-downloadurl=\"https:\/\/www.grundschule-amhohenfeld.de\/download\/musical-projektwochen-zum-20-schulgeburtstag\/?wpdmdl=7267&refresh=672413fa5f41f1730417658\">Download<\/a>\n            <\/div>\n        <\/div>\n    <\/div>\n<\/div>\n\n<\/div><\/p>\n","protected":false},"excerpt":{"rendered":"<p>Liebe Eltern, unsere \u201eGrundschule am Hohen Feld\u201c wird in diesem Jahr 20 Jahre alt. Diesen Geburtstag m\u00f6chten wir gemeinsam mit Ihren Kindern mit einem gro\u00dfen Musical-Projekt feiern. Dabei unterst\u00fctzt uns die Westerland-Musikschule. Thematisch begleiten uns dabei die 4 Elemente: Wasser, Feuer, Luft und Erde. F\u00fcr die Proben ben\u00f6tigt Ihr Kind Sportzeug. Einen Probenplan erh\u00e4lt Ihr [&hellip;]<\/p>\n","protected":false},"author":7,"featured_media":0,"parent":0,"menu_order":0,"comment_status":"closed","ping_status":"closed","template":"","meta":{"ngg_post_thumbnail":0,"footnotes":""},"_links":{"self":[{"href":"https:\/\/www.grundschule-amhohenfeld.de\/wp-json\/wp\/v2\/pages\/7258"}],"collection":[{"href":"https:\/\/www.grundschule-amhohenfeld.de\/wp-json\/wp\/v2\/pages"}],"about":[{"href":"https:\/\/www.grundschule-amhohenfeld.de\/wp-json\/wp\/v2\/types\/page"}],"author":[{"embeddable":true,"href":"https:\/\/www.grundschule-amhohenfeld.de\/wp-json\/wp\/v2\/users\/7"}],"replies":[{"embeddable":true,"href":"https:\/\/www.grundschule-amhohenfeld.de\/wp-json\/wp\/v2\/comments?post=7258"}],"version-history":[{"count":7,"href":"https:\/\/www.grundschule-amhohenfeld.de\/wp-json\/wp\/v2\/pages\/7258\/revisions"}],"predecessor-version":[{"id":7270,"href":"https:\/\/www.grundschule-amhohenfeld.de\/wp-json\/wp\/v2\/pages\/7258\/revisions\/7270"}],"wp:attachment":[{"href":"https:\/\/www.grundschule-amhohenfeld.de\/wp-json\/wp\/v2\/media?parent=7258"}],"curies":[{"name":"wp","href":"https:\/\/api.w.org\/{rel}","templated":true}]}}