{"id":3506,"date":"2015-07-01T20:49:14","date_gmt":"2015-07-01T18:49:14","guid":{"rendered":"http:\/\/grundschule-amhohenfeld.de\/?page_id=3506"},"modified":"2015-07-09T08:25:52","modified_gmt":"2015-07-09T06:25:52","slug":"prima-klima","status":"publish","type":"page","link":"https:\/\/www.grundschule-amhohenfeld.de\/prima-klima\/","title":{"rendered":"Prima Klima"},"content":{"rendered":"<p><strong>Gemeinsam sind wir stark<\/strong><\/p>\n<p>Unter diesem Motto wollen wir in Zukunft unser Schulleben weiter zum Positiven gestalten. Dabei geht es nicht einfach nur darum, sich vorzunehmen \u201eWir halten uns ab jetzt an alle Regeln&#8221;. Nein, es handelt sich um eine zwischen Eltern, Lehrern, Erziehern und Sch\u00fclern ausgehandelte Konzeption zur Umsetzung sinnvoller Regeln.<\/p>\n<p>Dazu geh\u00f6ren die gemeinsam erarbeiteten Regeln, Handlungsrichtlinien bei Regelverst\u00f6\u00dfen, ein Besinnungsbogen, ein Erziehungsvertrag zwischen Schule und Eltern, ein Bogen zur Dokumentation bei Regelverst\u00f6\u00dfen und ein Ma\u00dfnahmenkatalog f\u00fcr die nicht belehrbaren Sch\u00fcler.<\/p>\n<p>Nat\u00fcrlich gibt es gibt auch ein Belobigungssystem, welche alle Sch\u00fcler und ganze Klassen motivieren soll, die Vereinbarungen und Regeln einzuhalten. F\u00fcr die 1.- 3. Klassen wird zus\u00e4tzlich das bew\u00e4hrte Pr\u00e4ventionsprogramm \u201eFaustlos&#8221; des Heidelberger Pr\u00e4ventionszentrums &#8211; fest im Stundenplan verankert \u2013 umgesetzt.<\/p>\n<p>Unsere Regeln,\u00a0die Prima-Klima Zeitungen und weitere Dokumente finden Sie <a href=\"http:\/\/grundschule-amhohenfeld.de\/downloadmanager\/\" target=\"_blank\">hier in unserem Downloadbereich<\/a>.<\/p>\n<p>Den <a href=\"http:\/\/grundschule-amhohenfeld.de\/wp-content\/uploads\/2015\/07\/PK.pdf\" target=\"_blank\">sichtbaren Startschuss<\/a> haben wir gemeinsam mit allen Sch\u00fclern, Lehrern, Erziehern und Eltern am<br \/> Mo, den 22.08.2011 um 10.45 Uhr<br \/> auf unserem Schulhof gegeben. Auch die Presse war vertreten und hat uns geholfen, unser Projekt <a href=\"http:\/\/grundschule-amhohenfeld.de\/wp-content\/uploads\/2015\/07\/Presse-Berliner-Woche-1.pdf\" target=\"_blank\">mit diesem Artikel<\/a> nach au\u00dfen zu tragen.<\/p>\n<p>&nbsp;<\/p>\n","protected":false},"excerpt":{"rendered":"<p>Gemeinsam sind wir stark Unter diesem Motto wollen wir in Zukunft unser Schulleben weiter zum Positiven gestalten. Dabei geht es nicht einfach nur darum, sich vorzunehmen \u201eWir halten uns ab jetzt an alle Regeln&#8221;. Nein, es handelt sich um eine zwischen Eltern, Lehrern, Erziehern und Sch\u00fclern ausgehandelte Konzeption zur Umsetzung sinnvoller Regeln. Dazu geh\u00f6ren die [&hellip;]<\/p>\n","protected":false},"author":7,"featured_media":0,"parent":0,"menu_order":0,"comment_status":"closed","ping_status":"open","template":"","meta":{"ngg_post_thumbnail":0,"footnotes":""},"_links":{"self":[{"href":"https:\/\/www.grundschule-amhohenfeld.de\/wp-json\/wp\/v2\/pages\/3506"}],"collection":[{"href":"https:\/\/www.grundschule-amhohenfeld.de\/wp-json\/wp\/v2\/pages"}],"about":[{"href":"https:\/\/www.grundschule-amhohenfeld.de\/wp-json\/wp\/v2\/types\/page"}],"author":[{"embeddable":true,"href":"https:\/\/www.grundschule-amhohenfeld.de\/wp-json\/wp\/v2\/users\/7"}],"replies":[{"embeddable":true,"href":"https:\/\/www.grundschule-amhohenfeld.de\/wp-json\/wp\/v2\/comments?post=3506"}],"version-history":[{"count":6,"href":"https:\/\/www.grundschule-amhohenfeld.de\/wp-json\/wp\/v2\/pages\/3506\/revisions"}],"predecessor-version":[{"id":3922,"href":"https:\/\/www.grundschule-amhohenfeld.de\/wp-json\/wp\/v2\/pages\/3506\/revisions\/3922"}],"wp:attachment":[{"href":"https:\/\/www.grundschule-amhohenfeld.de\/wp-json\/wp\/v2\/media?parent=3506"}],"curies":[{"name":"wp","href":"https:\/\/api.w.org\/{rel}","templated":true}]}}