{"id":244,"date":"2015-05-07T12:48:52","date_gmt":"2015-05-07T10:48:52","guid":{"rendered":"http:\/\/grundschule-am-hohen-feld.de\/?page_id=244"},"modified":"2021-09-22T15:06:25","modified_gmt":"2021-09-22T13:06:25","slug":"termine","status":"publish","type":"page","link":"https:\/\/www.grundschule-amhohenfeld.de\/termine\/","title":{"rendered":"Termine"},"content":{"rendered":"\t\t<div data-elementor-type=\"wp-page\" data-elementor-id=\"244\" class=\"elementor elementor-244\">\n\t\t\t\t\t\t<div class=\"elementor-inner\">\n\t\t\t\t<div class=\"elementor-section-wrap\">\n\t\t\t\t\t\t\t\t\t<section class=\"elementor-section elementor-top-section elementor-element elementor-element-558bf60 elementor-section-boxed elementor-section-height-default elementor-section-height-default\" data-id=\"558bf60\" data-element_type=\"section\">\n\t\t\t\t\t\t<div class=\"elementor-container elementor-column-gap-default\">\n\t\t\t\t\t\t\t<div class=\"elementor-row\">\n\t\t\t\t\t<div class=\"elementor-column elementor-col-100 elementor-top-column elementor-element elementor-element-eb671e6\" data-id=\"eb671e6\" data-element_type=\"column\">\n\t\t\t<div class=\"elementor-column-wrap elementor-element-populated\">\n\t\t\t\t\t\t\t<div class=\"elementor-widget-wrap\">\n\t\t\t\t\t\t<div class=\"elementor-element elementor-element-a1769e7 elementor-view-framed elementor-position-left elementor-shape-circle elementor-mobile-position-top elementor-vertical-align-top elementor-widget elementor-widget-icon-box\" data-id=\"a1769e7\" data-element_type=\"widget\" data-widget_type=\"icon-box.default\">\n\t\t\t\t<div class=\"elementor-widget-container\">\n\t\t\t\t\t<div class=\"elementor-icon-box-wrapper\">\n\t\t\t\t\t\t<div class=\"elementor-icon-box-icon\">\n\t\t\t\t<span class=\"elementor-icon elementor-animation-\" >\n\t\t\t\t<i aria-hidden=\"true\" class=\"fas fa-info\"><\/i>\t\t\t\t<\/span>\n\t\t\t<\/div>\n\t\t\t\t\t\t<div class=\"elementor-icon-box-content\">\n\t\t\t\t<h2 class=\"elementor-icon-box-title\">\n\t\t\t\t\t<span  >\n\t\t\t\t\t\tHinweis\t\t\t\t\t<\/span>\n\t\t\t\t<\/h2>\n\t\t\t\t\t\t\t\t\t<p class=\"elementor-icon-box-description\">\n\t\t\t\t\t\tEintragungen in der Kalenderkategorie Schliesszeiten und Ferien \u00a0enthalten Ganztagsschliessungen der Schule. An diesen Tage findet kein Unterricht statt.\u00a0\n\nSollten Sie f\u00fcr den genannten Zeitraum eine Betreuung ben\u00f6tigen, dann informieren Sie uns bitte mindestens 4 Wochen vor Beginn schriftlich \u00fcber den konkreten Betreuungsbedarf Ihres Kindes. Wir werden dann eine Betreuung an einer anderen Schule im Bezirk Pankow organisieren.\t\t\t\t\t<\/p>\n\t\t\t\t\t\t\t<\/div>\n\t\t<\/div>\n\t\t\t\t<\/div>\n\t\t\t\t<\/div>\n\t\t\t\t<div class=\"elementor-element elementor-element-38a4422 elementor-widget elementor-widget-shortcode\" data-id=\"38a4422\" data-element_type=\"widget\" data-widget_type=\"shortcode.default\">\n\t\t\t\t<div class=\"elementor-widget-container\">\n\t\t\t\t\t<div class=\"elementor-shortcode\"><div class=\"dp_pec_calendar_default pec_skin_light dp_pec_monthly \" id=\"dp_pec_id190423923\"><div class=\"dp_pec_top_nav\"><a class='dpProEventCalendar_feed pec-ical' href='webcals:\/\/www.grundschule-amhohenfeld.de\/?pec-ical=1'><i class='fa fa-calendar-plus-o'><\/i><span>iCal<\/span><\/a><div class=\"dp_pec_clear\"><\/div><\/div><div class=\"dp_pec_clear\"><\/div><div class=\"dp_pec_wrapper dp_pec_dw_layout_schedule dp_pec_calendar_1 dp_pec_monthly pec_no_skin pec_skin_light\"><div class=\"dp_pec_options_nav\"><a href=\"#\" class=\"dp_pec_view dp_pec_view_action active\" data-pec-view=\"monthly\">Monat<\/a><a href=\"#\" class=\"dp_pec_view dp_pec_view_action \" data-pec-view=\"weekly\">Woche<\/a><a href=\"#\" class=\"dp_pec_view dp_pec_view_action \" data-pec-view=\"daily\">Tag<\/a><div class=\"dp_pec_clear\"><\/div><\/div><div class=\"dp_pec_nav dp_pec_nav_monthly\" ><span class=\"next_month\"><i class=\"fa fa-chevron-right\"><\/i><\/span><span class=\"prev_month\"><i class=\"fa fa-chevron-left\"><\/i><\/span><select autocomplete=\"off\" class=\"pec_switch_month\"><option value=\"Januar\" >Januar<\/option><option value=\"Februar\" >Februar<\/option><option value=\"M\u00e4rz\" >M\u00e4rz<\/option><option value=\"April\" >April<\/option><option value=\"Mai\" >Mai<\/option><option value=\"Juni\" >Juni<\/option><option value=\"Juli\" >Juli<\/option><option value=\"August\" >August<\/option><option value=\"September\" >September<\/option><option value=\"Oktober\" >Oktober<\/option><option value=\"November\" selected=\"selected\">November<\/option><option value=\"Dezember\" >Dezember<\/option><\/select><select autocomplete=\"off\" class=\"pec_switch_year\"><option value=\"2022\" >2022<\/option><option value=\"2023\" >2023<\/option><option value=\"2024\" selected=\"selected\">2024<\/option><option value=\"2025\" >2025<\/option><option value=\"2026\" >2026<\/option><option value=\"2027\" >2027<\/option><\/select><div class=\"dp_pec_clear\"><\/div><\/div><form method=\"post\" class=\"dp_pec_search_form dp_pec_nav\"><input type=\"search\" class=\"dp_pec_search\" value=\"\" placeholder=\"Schreibe und dr\u00fccke Enter\"><span class=\"dp_pec_search_close\"><i class=\"fas fa-times\"><\/i><\/span><\/form><div class=\"dp_pec_nav dp_pec_nav_daily\" style='display:none;'><span class=\"next_day\"><i class=\"fa fa-chevron-right\"><\/i><\/span><span class=\"prev_day\"><i class=\"fa fa-chevron-left\"><\/i><\/span><span class=\"pec_today\">Heute<\/span><span class=\"actual_day\">1. November 2024<\/span><div class=\"dp_pec_clear\"><\/div><\/div><div class=\"dp_pec_nav dp_pec_nav_weekly\" style='display:none;'><span class=\"next_week\"><i class=\"fa fa-chevron-right\"><\/i><\/span><span class=\"prev_week\"><i class=\"fa fa-chevron-left\"><\/i><\/span><span class=\"pec_today\">Heute<\/span><span class=\"actual_week\">28 Oktober - 03 November, 2024<\/span><div class=\"dp_pec_clear\"><\/div><\/div><div class=\"dp_pec_layout\"><select autocomplete=\"off\" name=\"pec_categories\" class=\"pec_categories_list\"><option value=\"\">Alle Kategorien<\/option><option value=\"173\">Einladungen<\/option><option value=\"172\">Ferien<\/option><option value=\"171\">Schliesszeiten<\/option><\/select><div class=\"dp_pec_layout_right\"><a href=\"#\" class=\"dp_pec_view_all dp_pec_btnright\" data-translation-list=\"Liste\" data-translation-calendar=\"Kalender\">Liste\t<\/a><a href=\"#\" class=\"dp_pec_search_btn dp_pec_btnright\"><i class=\"fa fa-search\"><\/i><\/a><\/div><div class=\"dp_pec_clear\"><\/div><\/div><div style=\"clear:both;\"><\/div><div class=\"dp_pec_content\"><div class=\"dp_pec_monthly_grid\">\r\n\t\t\t\t\t <div class=\"dp_pec_dayname dp_pec_dayname_monday\">\r\n\t\t\t\t\t \t<div class=\"dp_pec_dayname_item\">\r\n\t\t\t\t\t\t\t<span>Montag<\/span>\r\n\t\t\t\t\t \t<\/div>\r\n\t\t\t\t\t <\/div>\r\n\t\t\t\t\t <div class=\"dp_pec_dayname dp_pec_dayname_tuesday\">\r\n\t\t\t\t\t\t<div class=\"dp_pec_dayname_item\">\t\r\n\t\t\t\t\t\t\t<span>Dienstag<\/span>\r\n\t\t\t\t\t \t<\/div>\r\n\t\t\t\t\t <\/div>\r\n\t\t\t\t\t <div class=\"dp_pec_dayname dp_pec_dayname_wednesday\">\r\n\t\t\t\t\t\t<div class=\"dp_pec_dayname_item\">\r\n\t\t\t\t\t\t\t<span>Mittwoch<\/span>\r\n\t\t\t\t\t \t<\/div>\r\n\t\t\t\t\t <\/div>\r\n\t\t\t\t\t <div class=\"dp_pec_dayname dp_pec_dayname_thursday\">\r\n\t\t\t\t\t\t<div class=\"dp_pec_dayname_item\">\t\r\n\t\t\t\t\t\t\t<span>Donnerstag<\/span>\r\n\t\t\t\t\t \t<\/div>\r\n\t\t\t\t\t <\/div>\r\n\t\t\t\t\t <div class=\"dp_pec_dayname dp_pec_dayname_friday\">\r\n\t\t\t\t\t\t<div class=\"dp_pec_dayname_item\">\t\r\n\t\t\t\t\t\t\t<span>Freitag<\/span>\r\n\t\t\t\t\t \t<\/div>\r\n\t\t\t\t\t <\/div>\r\n\t\t\t\t\t <div class=\"dp_pec_dayname dp_pec_dayname_saturday\">\r\n\t\t\t\t\t\t<div class=\"dp_pec_dayname_item\">\t\r\n\t\t\t\t\t\t\t<span>Samstag<\/span>\r\n\t\t\t\t\t \t<\/div>\r\n\t\t\t\t\t <\/div>\r\n\t\t\t\t\t \r\n\t\t\t\t\t <div class=\"dp_pec_dayname dp_pec_dayname_sunday\">\r\n\t\t\t\t\t\t<div class=\"dp_pec_dayname_item\">\t\r\n\t\t\t\t\t\t\t<span>Sonntag<\/span>\r\n\t\t\t\t\t\t<\/div> \r\n\t\t\t\t\t <\/div>\r\n\t\t\t\t\t\t\t<div class=\"dp_pec_date disabled first-child\">\r\n\t\t\t\t\t\t\t\t<div class=\"dp_pec_date_item\"><div class=\"dp_date_head\"><span>28<\/span><\/div><\/div>\r\n\t\t\t\t\t\t\t<\/div>\r\n\t\t\t\t\t\t\t<div class=\"dp_pec_date disabled \">\r\n\t\t\t\t\t\t\t\t<div class=\"dp_pec_date_item\"><div class=\"dp_date_head\"><span>29<\/span><\/div><\/div>\r\n\t\t\t\t\t\t\t<\/div>\r\n\t\t\t\t\t\t\t<div class=\"dp_pec_date disabled \">\r\n\t\t\t\t\t\t\t\t<div class=\"dp_pec_date_item\"><div class=\"dp_date_head\"><span>30<\/span><\/div><\/div>\r\n\t\t\t\t\t\t\t<\/div>\r\n\t\t\t\t\t\t\t<div class=\"dp_pec_date disabled \">\r\n\t\t\t\t\t\t\t\t<div class=\"dp_pec_date_item\"><div class=\"dp_date_head\"><span>31<\/span><\/div><\/div>\r\n\t\t\t\t\t\t\t<\/div>\r\n\t\t\t\t\t\t<div class=\"dp_pec_date dp_pec_date_friday   \" data-dppec-date=\"2024-11-01\">\r\n\t\t\t\t\t\t\t<div class=\"dp_pec_date_item\" ><div class=\"dp_special_date_dot\" ><div>Aktuelles Datum<\/div><\/div><div class=\"dp_date_head\"><span>01<\/span><\/div>\r\n\t\t\t\t\t\t\t<div class=\"pec_monthlyDisplayEvents\"><\/div>\r\n\t\t\t\t\t\t\t<\/div>\r\n\t\t\t\t\t\t<\/div>\r\n\t\t\t\t\t\t<div class=\"dp_pec_date dp_pec_date_saturday   \" data-dppec-date=\"2024-11-02\">\r\n\t\t\t\t\t\t\t<div class=\"dp_pec_date_item\" ><div class=\"dp_special_date_dot\" ><\/div><div class=\"dp_date_head\"><span>02<\/span><\/div>\r\n\t\t\t\t\t\t\t<div class=\"pec_monthlyDisplayEvents\"><\/div>\r\n\t\t\t\t\t\t\t<\/div>\r\n\t\t\t\t\t\t<\/div>\r\n\t\t\t\t\t\t<div class=\"dp_pec_date dp_pec_date_sunday   \" data-dppec-date=\"2024-11-03\">\r\n\t\t\t\t\t\t\t<div class=\"dp_pec_date_item\" ><div class=\"dp_special_date_dot\" ><\/div><div class=\"dp_date_head\"><span>03<\/span><\/div>\r\n\t\t\t\t\t\t\t<div class=\"pec_monthlyDisplayEvents\"><\/div>\r\n\t\t\t\t\t\t\t<\/div>\r\n\t\t\t\t\t\t<\/div>\r\n\t\t\t\t\t\t<div class=\"dp_pec_date dp_pec_date_monday  first-child \" data-dppec-date=\"2024-11-04\">\r\n\t\t\t\t\t\t\t<div class=\"dp_pec_date_item\" ><div class=\"dp_special_date_dot\" ><\/div><div class=\"dp_date_head\"><span>04<\/span><\/div>\r\n\t\t\t\t\t\t\t<div class=\"pec_monthlyDisplayEvents\"><\/div>\r\n\t\t\t\t\t\t\t<\/div>\r\n\t\t\t\t\t\t<\/div>\r\n\t\t\t\t\t\t<div class=\"dp_pec_date dp_pec_date_tuesday   \" data-dppec-date=\"2024-11-05\">\r\n\t\t\t\t\t\t\t<div class=\"dp_pec_date_item\" ><div class=\"dp_special_date_dot\" ><\/div><div class=\"dp_date_head\"><span>05<\/span><\/div>\r\n\t\t\t\t\t\t\t<div class=\"pec_monthlyDisplayEvents\"><\/div>\r\n\t\t\t\t\t\t\t<\/div>\r\n\t\t\t\t\t\t<\/div>\r\n\t\t\t\t\t\t<div class=\"dp_pec_date dp_pec_date_wednesday   \" data-dppec-date=\"2024-11-06\">\r\n\t\t\t\t\t\t\t<div class=\"dp_pec_date_item\" ><div class=\"dp_special_date_dot\" ><\/div><div class=\"dp_date_head\"><span>06<\/span><\/div>\r\n\t\t\t\t\t\t\t<div class=\"pec_monthlyDisplayEvents\"><\/div>\r\n\t\t\t\t\t\t\t<\/div>\r\n\t\t\t\t\t\t<\/div>\r\n\t\t\t\t\t\t<div class=\"dp_pec_date dp_pec_date_thursday   \" data-dppec-date=\"2024-11-07\">\r\n\t\t\t\t\t\t\t<div class=\"dp_pec_date_item\" ><div class=\"dp_special_date_dot\" ><\/div><div class=\"dp_date_head\"><span>07<\/span><\/div>\r\n\t\t\t\t\t\t\t<div class=\"pec_monthlyDisplayEvents\"><\/div>\r\n\t\t\t\t\t\t\t<\/div>\r\n\t\t\t\t\t\t<\/div>\r\n\t\t\t\t\t\t<div class=\"dp_pec_date dp_pec_date_friday   \" data-dppec-date=\"2024-11-08\">\r\n\t\t\t\t\t\t\t<div class=\"dp_pec_date_item\" ><div class=\"dp_special_date_dot\" ><\/div><div class=\"dp_date_head\"><span>08<\/span><\/div>\r\n\t\t\t\t\t\t\t<div class=\"pec_monthlyDisplayEvents\"><\/div>\r\n\t\t\t\t\t\t\t<\/div>\r\n\t\t\t\t\t\t<\/div>\r\n\t\t\t\t\t\t<div class=\"dp_pec_date dp_pec_date_saturday   \" data-dppec-date=\"2024-11-09\">\r\n\t\t\t\t\t\t\t<div class=\"dp_pec_date_item\" ><div class=\"dp_special_date_dot\" ><\/div><div class=\"dp_date_head\"><span>09<\/span><\/div>\r\n\t\t\t\t\t\t\t<div class=\"pec_monthlyDisplayEvents\"><\/div>\r\n\t\t\t\t\t\t\t<\/div>\r\n\t\t\t\t\t\t<\/div>\r\n\t\t\t\t\t\t<div class=\"dp_pec_date dp_pec_date_sunday   \" data-dppec-date=\"2024-11-10\">\r\n\t\t\t\t\t\t\t<div class=\"dp_pec_date_item\" ><div class=\"dp_special_date_dot\" ><\/div><div class=\"dp_date_head\"><span>10<\/span><\/div>\r\n\t\t\t\t\t\t\t<div class=\"pec_monthlyDisplayEvents\"><\/div>\r\n\t\t\t\t\t\t\t<\/div>\r\n\t\t\t\t\t\t<\/div>\r\n\t\t\t\t\t\t<div class=\"dp_pec_date dp_pec_date_monday  first-child \" data-dppec-date=\"2024-11-11\">\r\n\t\t\t\t\t\t\t<div class=\"dp_pec_date_item\" ><div class=\"dp_special_date_dot\" ><\/div><div class=\"dp_date_head\"><span>11<\/span><\/div>\r\n\t\t\t\t\t\t\t<div class=\"pec_monthlyDisplayEvents\"><\/div>\r\n\t\t\t\t\t\t\t<\/div>\r\n\t\t\t\t\t\t<\/div>\r\n\t\t\t\t\t\t<div class=\"dp_pec_date dp_pec_date_tuesday   \" data-dppec-date=\"2024-11-12\">\r\n\t\t\t\t\t\t\t<div class=\"dp_pec_date_item\" ><div class=\"dp_special_date_dot\" ><\/div><div class=\"dp_date_head\"><span>12<\/span><\/div>\r\n\t\t\t\t\t\t\t<div class=\"pec_monthlyDisplayEvents\"><\/div>\r\n\t\t\t\t\t\t\t<\/div>\r\n\t\t\t\t\t\t<\/div>\r\n\t\t\t\t\t\t<div class=\"dp_pec_date dp_pec_date_wednesday   \" data-dppec-date=\"2024-11-13\">\r\n\t\t\t\t\t\t\t<div class=\"dp_pec_date_item\" ><div class=\"dp_special_date_dot\" ><\/div><div class=\"dp_date_head\"><span>13<\/span><\/div>\r\n\t\t\t\t\t\t\t<div class=\"pec_monthlyDisplayEvents\"><\/div>\r\n\t\t\t\t\t\t\t<\/div>\r\n\t\t\t\t\t\t<\/div>\r\n\t\t\t\t\t\t<div class=\"dp_pec_date dp_pec_date_thursday   \" data-dppec-date=\"2024-11-14\">\r\n\t\t\t\t\t\t\t<div class=\"dp_pec_date_item\" ><div class=\"dp_special_date_dot\" ><\/div><div class=\"dp_date_head\"><span>14<\/span><\/div>\r\n\t\t\t\t\t\t\t<div class=\"pec_monthlyDisplayEvents\"><\/div>\r\n\t\t\t\t\t\t\t<\/div>\r\n\t\t\t\t\t\t<\/div>\r\n\t\t\t\t\t\t<div class=\"dp_pec_date dp_pec_date_friday   \" data-dppec-date=\"2024-11-15\">\r\n\t\t\t\t\t\t\t<div class=\"dp_pec_date_item\" ><div class=\"dp_special_date_dot\" ><\/div><div class=\"dp_date_head\"><span>15<\/span><\/div>\r\n\t\t\t\t\t\t\t<div class=\"pec_monthlyDisplayEvents\"><\/div>\r\n\t\t\t\t\t\t\t<\/div>\r\n\t\t\t\t\t\t<\/div>\r\n\t\t\t\t\t\t<div class=\"dp_pec_date dp_pec_date_saturday   \" data-dppec-date=\"2024-11-16\">\r\n\t\t\t\t\t\t\t<div class=\"dp_pec_date_item\" ><div class=\"dp_special_date_dot\" ><\/div><div class=\"dp_date_head\"><span>16<\/span><\/div>\r\n\t\t\t\t\t\t\t<div class=\"pec_monthlyDisplayEvents\"><\/div>\r\n\t\t\t\t\t\t\t<\/div>\r\n\t\t\t\t\t\t<\/div>\r\n\t\t\t\t\t\t<div class=\"dp_pec_date dp_pec_date_sunday   \" data-dppec-date=\"2024-11-17\">\r\n\t\t\t\t\t\t\t<div class=\"dp_pec_date_item\" ><div class=\"dp_special_date_dot\" ><\/div><div class=\"dp_date_head\"><span>17<\/span><\/div>\r\n\t\t\t\t\t\t\t<div class=\"pec_monthlyDisplayEvents\"><\/div>\r\n\t\t\t\t\t\t\t<\/div>\r\n\t\t\t\t\t\t<\/div>\r\n\t\t\t\t\t\t<div class=\"dp_pec_date dp_pec_date_monday  first-child \" data-dppec-date=\"2024-11-18\">\r\n\t\t\t\t\t\t\t<div class=\"dp_pec_date_item\" ><div class=\"dp_special_date_dot\" ><\/div><div class=\"dp_date_head\"><span>18<\/span><\/div>\r\n\t\t\t\t\t\t\t<div class=\"pec_monthlyDisplayEvents\"><\/div>\r\n\t\t\t\t\t\t\t<\/div>\r\n\t\t\t\t\t\t<\/div>\r\n\t\t\t\t\t\t<div class=\"dp_pec_date dp_pec_date_tuesday   \" data-dppec-date=\"2024-11-19\">\r\n\t\t\t\t\t\t\t<div class=\"dp_pec_date_item\" ><div class=\"dp_special_date_dot\" ><\/div><div class=\"dp_date_head\"><span>19<\/span><\/div>\r\n\t\t\t\t\t\t\t<div class=\"pec_monthlyDisplayEvents\"><\/div>\r\n\t\t\t\t\t\t\t<\/div>\r\n\t\t\t\t\t\t<\/div>\r\n\t\t\t\t\t\t<div class=\"dp_pec_date dp_pec_date_wednesday   \" data-dppec-date=\"2024-11-20\">\r\n\t\t\t\t\t\t\t<div class=\"dp_pec_date_item\" ><div class=\"dp_special_date_dot\" ><\/div><div class=\"dp_date_head\"><span>20<\/span><\/div>\r\n\t\t\t\t\t\t\t<div class=\"pec_monthlyDisplayEvents\"><\/div>\r\n\t\t\t\t\t\t\t<\/div>\r\n\t\t\t\t\t\t<\/div>\r\n\t\t\t\t\t\t<div class=\"dp_pec_date dp_pec_date_thursday   \" data-dppec-date=\"2024-11-21\">\r\n\t\t\t\t\t\t\t<div class=\"dp_pec_date_item\" ><div class=\"dp_special_date_dot\" ><\/div><div class=\"dp_date_head\"><span>21<\/span><\/div>\r\n\t\t\t\t\t\t\t<div class=\"pec_monthlyDisplayEvents\"><\/div>\r\n\t\t\t\t\t\t\t<\/div>\r\n\t\t\t\t\t\t<\/div>\r\n\t\t\t\t\t\t<div class=\"dp_pec_date dp_pec_date_friday   \" data-dppec-date=\"2024-11-22\">\r\n\t\t\t\t\t\t\t<div class=\"dp_pec_date_item\" ><div class=\"dp_special_date_dot\" ><\/div><div class=\"dp_date_head\"><span>22<\/span><\/div>\r\n\t\t\t\t\t\t\t<div class=\"pec_monthlyDisplayEvents\"><\/div>\r\n\t\t\t\t\t\t\t<\/div>\r\n\t\t\t\t\t\t<\/div>\r\n\t\t\t\t\t\t<div class=\"dp_pec_date dp_pec_date_saturday   \" data-dppec-date=\"2024-11-23\">\r\n\t\t\t\t\t\t\t<div class=\"dp_pec_date_item\" ><div class=\"dp_special_date_dot\" ><\/div><div class=\"dp_date_head\"><span>23<\/span><\/div>\r\n\t\t\t\t\t\t\t<div class=\"pec_monthlyDisplayEvents\"><\/div>\r\n\t\t\t\t\t\t\t<\/div>\r\n\t\t\t\t\t\t<\/div>\r\n\t\t\t\t\t\t<div class=\"dp_pec_date dp_pec_date_sunday   \" data-dppec-date=\"2024-11-24\">\r\n\t\t\t\t\t\t\t<div class=\"dp_pec_date_item\" ><div class=\"dp_special_date_dot\" ><\/div><div class=\"dp_date_head\"><span>24<\/span><\/div>\r\n\t\t\t\t\t\t\t<div class=\"pec_monthlyDisplayEvents\"><\/div>\r\n\t\t\t\t\t\t\t<\/div>\r\n\t\t\t\t\t\t<\/div>\r\n\t\t\t\t\t\t<div class=\"dp_pec_date dp_pec_date_monday  first-child \" data-dppec-date=\"2024-11-25\">\r\n\t\t\t\t\t\t\t<div class=\"dp_pec_date_item\" ><div class=\"dp_special_date_dot\" ><\/div><div class=\"dp_date_head\"><span>25<\/span><\/div>\r\n\t\t\t\t\t\t\t<div class=\"pec_monthlyDisplayEvents\"><\/div>\r\n\t\t\t\t\t\t\t<\/div>\r\n\t\t\t\t\t\t<\/div>\r\n\t\t\t\t\t\t<div class=\"dp_pec_date dp_pec_date_tuesday   \" data-dppec-date=\"2024-11-26\">\r\n\t\t\t\t\t\t\t<div class=\"dp_pec_date_item\" ><div class=\"dp_special_date_dot\" ><\/div><div class=\"dp_date_head\"><span>26<\/span><\/div>\r\n\t\t\t\t\t\t\t<div class=\"pec_monthlyDisplayEvents\"><\/div>\r\n\t\t\t\t\t\t\t<\/div>\r\n\t\t\t\t\t\t<\/div>\r\n\t\t\t\t\t\t<div class=\"dp_pec_date dp_pec_date_wednesday   \" data-dppec-date=\"2024-11-27\">\r\n\t\t\t\t\t\t\t<div class=\"dp_pec_date_item\" ><div class=\"dp_special_date_dot\" ><\/div><div class=\"dp_date_head\"><span>27<\/span><\/div>\r\n\t\t\t\t\t\t\t<div class=\"pec_monthlyDisplayEvents\"><\/div>\r\n\t\t\t\t\t\t\t<\/div>\r\n\t\t\t\t\t\t<\/div>\r\n\t\t\t\t\t\t<div class=\"dp_pec_date dp_pec_date_thursday   \" data-dppec-date=\"2024-11-28\">\r\n\t\t\t\t\t\t\t<div class=\"dp_pec_date_item\" ><div class=\"dp_special_date_dot\" ><\/div><div class=\"dp_date_head\"><span>28<\/span><\/div>\r\n\t\t\t\t\t\t\t<div class=\"pec_monthlyDisplayEvents\"><\/div>\r\n\t\t\t\t\t\t\t<\/div>\r\n\t\t\t\t\t\t<\/div>\r\n\t\t\t\t\t\t<div class=\"dp_pec_date dp_pec_date_friday   \" data-dppec-date=\"2024-11-29\">\r\n\t\t\t\t\t\t\t<div class=\"dp_pec_date_item\" ><div class=\"dp_special_date_dot\" ><\/div><div class=\"dp_date_head\"><span>29<\/span><\/div>\r\n\t\t\t\t\t\t\t<div class=\"pec_monthlyDisplayEvents\"><\/div>\r\n\t\t\t\t\t\t\t<\/div>\r\n\t\t\t\t\t\t<\/div>\r\n\t\t\t\t\t\t<div class=\"dp_pec_date dp_pec_date_saturday   \" data-dppec-date=\"2024-11-30\">\r\n\t\t\t\t\t\t\t<div class=\"dp_pec_date_item\" ><div class=\"dp_special_date_dot\" ><\/div><div class=\"dp_date_head\"><span>30<\/span><\/div>\r\n\t\t\t\t\t\t\t<div class=\"pec_monthlyDisplayEvents\"><\/div>\r\n\t\t\t\t\t\t\t<\/div>\r\n\t\t\t\t\t\t<\/div>\r\n\t\t\t\t\t\t\t<div class=\"dp_pec_date disabled \">\r\n\t\t\t\t\t\t\t\t<div class=\"dp_pec_date_item\"><div class=\"dp_date_head\"><span>01<\/span><\/div><\/div>\r\n\t\t\t\t\t\t\t<\/div><\/div>\r\n\t\t\t\t<div class=\"dp_pec_clear\"><\/div><\/div><\/div><\/div><\/div>\n\t\t\t\t<\/div>\n\t\t\t\t<\/div>\n\t\t\t\t\t\t<\/div>\n\t\t\t\t\t<\/div>\n\t\t<\/div>\n\t\t\t\t\t\t\t\t<\/div>\n\t\t\t\t\t<\/div>\n\t\t<\/section>\n\t\t\t\t\t\t\t\t\t<\/div>\n\t\t\t<\/div>\n\t\t\t\t\t<\/div>\n\t\t","protected":false},"excerpt":{"rendered":"<p>Hinweis Eintragungen in der Kalenderkategorie Schliesszeiten und Ferien \u00a0enthalten Ganztagsschliessungen der Schule. An diesen Tage findet kein Unterricht statt.\u00a0 Sollten Sie f\u00fcr den genannten Zeitraum eine Betreuung ben\u00f6tigen, dann informieren Sie uns bitte mindestens 4 Wochen vor Beginn schriftlich \u00fcber den konkreten Betreuungsbedarf Ihres Kindes. Wir werden dann eine Betreuung an einer anderen Schule im [&hellip;]<\/p>\n","protected":false},"author":7,"featured_media":0,"parent":0,"menu_order":0,"comment_status":"closed","ping_status":"closed","template":"","meta":{"ngg_post_thumbnail":0,"footnotes":""},"_links":{"self":[{"href":"https:\/\/www.grundschule-amhohenfeld.de\/wp-json\/wp\/v2\/pages\/244"}],"collection":[{"href":"https:\/\/www.grundschule-amhohenfeld.de\/wp-json\/wp\/v2\/pages"}],"about":[{"href":"https:\/\/www.grundschule-amhohenfeld.de\/wp-json\/wp\/v2\/types\/page"}],"author":[{"embeddable":true,"href":"https:\/\/www.grundschule-amhohenfeld.de\/wp-json\/wp\/v2\/users\/7"}],"replies":[{"embeddable":true,"href":"https:\/\/www.grundschule-amhohenfeld.de\/wp-json\/wp\/v2\/comments?post=244"}],"version-history":[{"count":16,"href":"https:\/\/www.grundschule-amhohenfeld.de\/wp-json\/wp\/v2\/pages\/244\/revisions"}],"predecessor-version":[{"id":10925,"href":"https:\/\/www.grundschule-amhohenfeld.de\/wp-json\/wp\/v2\/pages\/244\/revisions\/10925"}],"wp:attachment":[{"href":"https:\/\/www.grundschule-amhohenfeld.de\/wp-json\/wp\/v2\/media?parent=244"}],"curies":[{"name":"wp","href":"https:\/\/api.w.org\/{rel}","templated":true}]}}