{"id":1977,"date":"2015-05-27T17:01:04","date_gmt":"2015-05-27T15:01:04","guid":{"rendered":"http:\/\/grundschule-am-hohen-feld.de\/?page_id=1977"},"modified":"2016-09-14T12:38:21","modified_gmt":"2016-09-14T10:38:21","slug":"schuelervertretung","status":"publish","type":"page","link":"https:\/\/www.grundschule-amhohenfeld.de\/gremien\/schuelervertretung\/","title":{"rendered":"Sch\u00fclervertretung"},"content":{"rendered":"<h3>Sch\u00fclervertretungen<\/h3>\n<p>Ab Klassenstufe 3 werden in den Lerngruppen Klassensprecher\/innen gew\u00e4hlt. Alle Klassensprecher\/innen der Schule arbeiten in der Gesamtsch\u00fclervertretung zusammen. Aus der Gruppe der Klassensprecher\/innen 5\/6 werden die Sch\u00fclersprecher\/innen gew\u00e4hlt, die an der Schulkonferenz teilnehmen.<\/p>\n<p>Die Sch\u00fclersprecher f\u00fcr das aktuelle Schuljahr sind:<\/p>\n<p>&nbsp;<\/p>\n<p>Stellvertreter:<\/p>\n<p>&nbsp;<\/p>\n<p>Bei den Beratungen werden Protokolle angefertigt die sie <a href=\"index.php?option=com_content&amp;view=article&amp;id=26:protokolle&amp;catid=20:gremien&amp;Itemid=602\">hier<\/a> ansehen k\u00f6nnen.<\/p>\n","protected":false},"excerpt":{"rendered":"<p>Sch\u00fclervertretungen Ab Klassenstufe 3 werden in den Lerngruppen Klassensprecher\/innen gew\u00e4hlt. Alle Klassensprecher\/innen der Schule arbeiten in der Gesamtsch\u00fclervertretung zusammen. Aus der Gruppe der Klassensprecher\/innen 5\/6 werden die Sch\u00fclersprecher\/innen gew\u00e4hlt, die an der Schulkonferenz teilnehmen. Die Sch\u00fclersprecher f\u00fcr das aktuelle Schuljahr sind: &nbsp; Stellvertreter: &nbsp; Bei den Beratungen werden Protokolle angefertigt die sie hier ansehen k\u00f6nnen.<\/p>\n","protected":false},"author":7,"featured_media":0,"parent":1956,"menu_order":0,"comment_status":"open","ping_status":"open","template":"","meta":{"ngg_post_thumbnail":0,"footnotes":""},"_links":{"self":[{"href":"https:\/\/www.grundschule-amhohenfeld.de\/wp-json\/wp\/v2\/pages\/1977"}],"collection":[{"href":"https:\/\/www.grundschule-amhohenfeld.de\/wp-json\/wp\/v2\/pages"}],"about":[{"href":"https:\/\/www.grundschule-amhohenfeld.de\/wp-json\/wp\/v2\/types\/page"}],"author":[{"embeddable":true,"href":"https:\/\/www.grundschule-amhohenfeld.de\/wp-json\/wp\/v2\/users\/7"}],"replies":[{"embeddable":true,"href":"https:\/\/www.grundschule-amhohenfeld.de\/wp-json\/wp\/v2\/comments?post=1977"}],"version-history":[{"count":2,"href":"https:\/\/www.grundschule-amhohenfeld.de\/wp-json\/wp\/v2\/pages\/1977\/revisions"}],"predecessor-version":[{"id":6021,"href":"https:\/\/www.grundschule-amhohenfeld.de\/wp-json\/wp\/v2\/pages\/1977\/revisions\/6021"}],"up":[{"embeddable":true,"href":"https:\/\/www.grundschule-amhohenfeld.de\/wp-json\/wp\/v2\/pages\/1956"}],"wp:attachment":[{"href":"https:\/\/www.grundschule-amhohenfeld.de\/wp-json\/wp\/v2\/media?parent=1977"}],"curies":[{"name":"wp","href":"https:\/\/api.w.org\/{rel}","templated":true}]}}