{"id":1968,"date":"2015-05-27T16:56:21","date_gmt":"2015-05-27T14:56:21","guid":{"rendered":"http:\/\/grundschule-am-hohen-feld.de\/?page_id=1968"},"modified":"2015-05-27T16:56:21","modified_gmt":"2015-05-27T14:56:21","slug":"fachkonferenz","status":"publish","type":"page","link":"https:\/\/www.grundschule-amhohenfeld.de\/gremien\/fachkonferenz\/","title":{"rendered":"Fachkonferenz"},"content":{"rendered":"<p>Fachkonferenzen<\/p>\n<p>Die Gesamtkonferenz der Lehrkr\u00e4fte bildet f\u00fcr F\u00e4cher, Lernbereiche oder Fachbereiche Fachkonferenzen. Sie kann ihre Befugnisse ganz oder teilweise auf die Fachkonferenz \u00fcbertragen.<\/p>\n<p>Aufgaben:<\/p>\n<p>Die Fachkonferenzen entscheiden im Rahmen der Beschl\u00fcsse der Gesamtkonferenz der Lehrkr\u00e4fte \u00fcber die Angelegenheiten, die den jeweiligen fachlichen Bereich betreffen, insbesondere \u00fcber:<\/p>\n<p>die Umsetzung der Rahmenlehrpl\u00e4ne f\u00fcr Unterricht und Erziehung,<br \/>\ndie fachbezogenen Regelungen f\u00fcr den fach\u00fcbergreifenden und f\u00e4cherverbindenden Unterricht,<br \/>\ndie Auswahl der Lern- und Lehrmittel,<br \/>\ndie Koordinierung und Kursangebote f\u00fcr das betreffende Fach, den betreffenden Lernbereich oder den betreffenden Fachbereich,<br \/>\nden zeitweise getrennten Unterricht f\u00fcr Sch\u00fclerinnen und Sch\u00fcler (\u00a7 4 Abs. 9).<\/p>\n<p>In den Fachkonferenzen wird regelm\u00e4\u00dfig \u00fcber die wissenschaftliche Weiterentwicklung des Faches, des Lernbereichs oder des Fachbereichs sowie \u00fcber die zugeh\u00f6rige Fachliteratur berichtet. F\u00fcr den Bereich des vorfachlichen Unterrichts in der Grundschule entscheidet die Gesamtkonferenz der Lehrkr\u00e4fte, welche Konferenz die Aufgaben nach Absatz 1 Satz 3 und 4 wahrnimmt.<\/p>\n","protected":false},"excerpt":{"rendered":"<p>Fachkonferenzen Die Gesamtkonferenz der Lehrkr\u00e4fte bildet f\u00fcr F\u00e4cher, Lernbereiche oder Fachbereiche Fachkonferenzen. Sie kann ihre Befugnisse ganz oder teilweise auf die Fachkonferenz \u00fcbertragen. Aufgaben: Die Fachkonferenzen entscheiden im Rahmen der Beschl\u00fcsse der Gesamtkonferenz der Lehrkr\u00e4fte \u00fcber die Angelegenheiten, die den jeweiligen fachlichen Bereich betreffen, insbesondere \u00fcber: die Umsetzung der Rahmenlehrpl\u00e4ne f\u00fcr Unterricht und Erziehung, die [&hellip;]<\/p>\n","protected":false},"author":7,"featured_media":0,"parent":1956,"menu_order":0,"comment_status":"open","ping_status":"open","template":"","meta":{"ngg_post_thumbnail":0,"footnotes":""},"_links":{"self":[{"href":"https:\/\/www.grundschule-amhohenfeld.de\/wp-json\/wp\/v2\/pages\/1968"}],"collection":[{"href":"https:\/\/www.grundschule-amhohenfeld.de\/wp-json\/wp\/v2\/pages"}],"about":[{"href":"https:\/\/www.grundschule-amhohenfeld.de\/wp-json\/wp\/v2\/types\/page"}],"author":[{"embeddable":true,"href":"https:\/\/www.grundschule-amhohenfeld.de\/wp-json\/wp\/v2\/users\/7"}],"replies":[{"embeddable":true,"href":"https:\/\/www.grundschule-amhohenfeld.de\/wp-json\/wp\/v2\/comments?post=1968"}],"version-history":[{"count":1,"href":"https:\/\/www.grundschule-amhohenfeld.de\/wp-json\/wp\/v2\/pages\/1968\/revisions"}],"predecessor-version":[{"id":1969,"href":"https:\/\/www.grundschule-amhohenfeld.de\/wp-json\/wp\/v2\/pages\/1968\/revisions\/1969"}],"up":[{"embeddable":true,"href":"https:\/\/www.grundschule-amhohenfeld.de\/wp-json\/wp\/v2\/pages\/1956"}],"wp:attachment":[{"href":"https:\/\/www.grundschule-amhohenfeld.de\/wp-json\/wp\/v2\/media?parent=1968"}],"curies":[{"name":"wp","href":"https:\/\/api.w.org\/{rel}","templated":true}]}}