{"id":1965,"date":"2015-05-27T16:54:29","date_gmt":"2015-05-27T14:54:29","guid":{"rendered":"http:\/\/grundschule-am-hohen-feld.de\/?page_id=1965"},"modified":"2015-05-27T16:54:29","modified_gmt":"2015-05-27T14:54:29","slug":"gesamtkonferenz","status":"publish","type":"page","link":"https:\/\/www.grundschule-amhohenfeld.de\/gremien\/gesamtkonferenz\/","title":{"rendered":"Gesamtkonferenz"},"content":{"rendered":"<p>Gesamtkonferenz<\/p>\n<p>Die Gesamtkonferenz der Lehrkr\u00e4fte ist das Beratungs- und Beschlussgremium aller an der Schule t\u00e4tigen Lehrkr\u00e4fte und eigenverantwortlich erzieherisch t\u00e4tigen Personen. Zwei Elternvertreter k\u00f6nnen mit beratender Stimme in die Gesamtkonferenz gew\u00e4hlt werden.<\/p>\n<p>Aufgaben:<\/p>\n<p>Sie ber\u00e4t und beschlie\u00dft \u00fcber alle wichtigen Angelegenheiten der Schule. Sie entscheidet \u00fcber die p\u00e4dagogische und fachliche Gestaltung der Bildungs- und Erziehungsarbeit. Sie beschlie\u00dft entwickelt und sichert die schulische Qualit\u00e4t \u2013 soweit nicht die Schulkonferenz entscheidet (\u00a7 76).<\/p>\n<p>Die Gesamtkonferenz entscheidet \u00fcber die Einrichtung einer erweiterten Schulleitung (\u00a7 74 Abs. 1; Zweidrittelmehrheit n\u00f6tig) . Mit einfacher Mehrheit befindet sie \u00fcber:<\/p>\n<p>Vorschl\u00e4ge f\u00fcr das Schulprogramm, die fachliche und p\u00e4dagogische Entwicklung sowie die innere Organisation der Schule,<br \/>\nGrunds\u00e4tze f\u00fcr die Koordinierung und Auswertung der Unterrichtsgestaltung, der Unterrichtsmethoden sowie f\u00fcr die Lernerfolgskontrollen und anderen p\u00e4dagogischen Beurteilungen,<br \/>\nGrunds\u00e4tze f\u00fcr Art, Umfang und Verteilung der Klassenarbeiten,<br \/>\ndie Qualit\u00e4tsstandards von verbindlichen grunds\u00e4tzlichen Unterrichtsinhalten im Rahmen der schulischen Selbstgestaltungsm\u00f6glichkeiten sowie die Instrumente zur Evaluation und Sicherung der Qualit\u00e4t ihrer fachlichen und p\u00e4dagogischen Arbeit,<br \/>\nGrunds\u00e4tze der Verteilung der Lehrerstunden aus dem Gesamtstundenpool, des Einsatzes der Lehrkr\u00e4fte<\/p>\n","protected":false},"excerpt":{"rendered":"<p>Gesamtkonferenz Die Gesamtkonferenz der Lehrkr\u00e4fte ist das Beratungs- und Beschlussgremium aller an der Schule t\u00e4tigen Lehrkr\u00e4fte und eigenverantwortlich erzieherisch t\u00e4tigen Personen. Zwei Elternvertreter k\u00f6nnen mit beratender Stimme in die Gesamtkonferenz gew\u00e4hlt werden. Aufgaben: Sie ber\u00e4t und beschlie\u00dft \u00fcber alle wichtigen Angelegenheiten der Schule. Sie entscheidet \u00fcber die p\u00e4dagogische und fachliche Gestaltung der Bildungs- und Erziehungsarbeit. [&hellip;]<\/p>\n","protected":false},"author":7,"featured_media":0,"parent":1956,"menu_order":0,"comment_status":"open","ping_status":"open","template":"","meta":{"ngg_post_thumbnail":0,"footnotes":""},"_links":{"self":[{"href":"https:\/\/www.grundschule-amhohenfeld.de\/wp-json\/wp\/v2\/pages\/1965"}],"collection":[{"href":"https:\/\/www.grundschule-amhohenfeld.de\/wp-json\/wp\/v2\/pages"}],"about":[{"href":"https:\/\/www.grundschule-amhohenfeld.de\/wp-json\/wp\/v2\/types\/page"}],"author":[{"embeddable":true,"href":"https:\/\/www.grundschule-amhohenfeld.de\/wp-json\/wp\/v2\/users\/7"}],"replies":[{"embeddable":true,"href":"https:\/\/www.grundschule-amhohenfeld.de\/wp-json\/wp\/v2\/comments?post=1965"}],"version-history":[{"count":1,"href":"https:\/\/www.grundschule-amhohenfeld.de\/wp-json\/wp\/v2\/pages\/1965\/revisions"}],"predecessor-version":[{"id":1966,"href":"https:\/\/www.grundschule-amhohenfeld.de\/wp-json\/wp\/v2\/pages\/1965\/revisions\/1966"}],"up":[{"embeddable":true,"href":"https:\/\/www.grundschule-amhohenfeld.de\/wp-json\/wp\/v2\/pages\/1956"}],"wp:attachment":[{"href":"https:\/\/www.grundschule-amhohenfeld.de\/wp-json\/wp\/v2\/media?parent=1965"}],"curies":[{"name":"wp","href":"https:\/\/api.w.org\/{rel}","templated":true}]}}