{"id":1959,"date":"2015-05-27T16:46:57","date_gmt":"2015-05-27T14:46:57","guid":{"rendered":"http:\/\/grundschule-am-hohen-feld.de\/?page_id=1959"},"modified":"2015-05-27T16:47:20","modified_gmt":"2015-05-27T14:47:20","slug":"schulkonferenz","status":"publish","type":"page","link":"https:\/\/www.grundschule-amhohenfeld.de\/gremien\/schulkonferenz\/","title":{"rendered":"Schulkonferenz"},"content":{"rendered":"<h3>Schulkonferenz<\/h3>\n<p>Die Schulkonferenz ist mit dem neuen Schulgesetz (\u00a7 75 ff) das oberste Beratungs- und Beschlussgremium jeder Schule!<\/p>\n<p>Aufgaben:<\/p>\n<p>Die Schulkonferenz dient der Zusammenarbeit von Sch\u00fclerinnen und Sch\u00fclern, deren Erziehungsberechtigten und dem Schulpersonal. Die Schulkonferenz ber\u00e4t alle wichtigen Angelegenheiten der Schule und vermittelt bei Meinungsverschiedenheiten. Sie kann gegen\u00fcber den anderen Konferenzen Empfehlungen abgeben; die Empfehlung muss auf der n\u00e4chsten Sitzung dieser Konferenz beraten werden. Die Mitglieder der Schulkonferenz und ihrer Aussch\u00fcsse (\u00a7 78 Abs. 2 und 3) k\u00f6nnen an den Sitzungen der Gesamtkonferenz der Lehrkr\u00e4fte und ihrer Aussch\u00fcsse sowie den anderen Konferenzen der Schule mit beratender Stimme teilnehmen. Die Mitglieder der Schulkonferenz und ihrer Aussch\u00fcsse k\u00f6nnen zur Wahrnehmung ihrer Aufgaben im Einvernehmen mit der verantwortlichen Lehrkraft den Unterricht besuchen. Die Schulkonferenz entscheidet im Rahmen der Rechts- und Verwaltungsvorschriften mit einer Mehrheit von zwei Dritteln der stimmberechtigten Mitglieder u.a. \u00fcber:<\/p>\n<ol>\n<li>die Verteilung und Verwendung der der Schule zur eigenen Bewirtschaftung zugewiesenen Personal- und Sachmittel (\u00a7 7 Abs. 3 bis 5),<\/li>\n<li>das Schulprogramm und sich daraus ergebende Grunds\u00e4tze f\u00fcr die Organisation von Schule und Unterricht (\u00a7 8),<\/li>\n<li>das Evaluationsprogramm der Schule (\u00a7 9 Abs. 2),<\/li>\n<li>Grunds\u00e4tze \u00fcber den Umfang und die Verteilung der Hausaufgaben.<\/li>\n<\/ol>\n<p>Die Schulkonferenz entscheidet u.a. ferner mit einfacher Mehrheit \u00fcber:<\/p>\n<ol>\n<li>den t\u00e4glichen Unterrichtsbeginn, die Stellung eines Antrags auf Einrichtung von<\/li>\n<li>Ganztagsangeboten und Einrichtung als Ganztagsschule (\u00a7 19 Abs. 2),<\/li>\n<li>Grunds\u00e4tze f\u00fcr die Mitarbeit von Eltern und anderen Personen im Unterricht und bei<\/li>\n<li>sonstigen Schulveranstaltungen (\u00a7 68 Abs. 2),<\/li>\n<li>Grunds\u00e4tze des Sch\u00fcleraustausches, der internationalen Zusammenarbeit, der Sch\u00fclerfahrten und Wandertage sowie \u00fcber Vereinbarungen zu Schulpartnerschaften<\/li>\n<li>und Verhaltensregeln f\u00fcr den geordneten Ablauf des \u00e4u\u00dferen Schulbetriebs (Hausordnung) einschlie\u00dflich der schuleigenen Grunds\u00e4tze \u00fcber<\/li>\n<li>das Warenangebot zum Verkauf in der Schule sowie<\/li>\n<li>die Werbung an der Schule sowie Art und Umfang des Sponsoring.<\/li>\n<\/ol>\n<p>Stimmberechtigte Mitglieder der Schulkonferenz sind:<\/p>\n<ol>\n<li>die Schulleiterin oder der Schulleiter,<\/li>\n<li>vier von der Gesamtkonferenz der Lehrkr\u00e4fte gew\u00e4hlte Vertreterinnen oder Vertreter,<\/li>\n<li>vier von der Gesamtelternvertretung gew\u00e4hlte Erziehungsberechtigte<\/li>\n<li>eine von den Mitgliedern nach den Nummer 1 bis 4 vorgeschlagene und gew\u00e4hlte, der Schule nicht angeh\u00f6rende Person, die die Schule in der Wahrnehmung ihrer p\u00e4dagogischen Aufgaben unterst\u00fctzen soll.<\/li>\n<\/ol>\n<p>Die in die Schulkonferenz zu w\u00e4hlenden Mitglieder werden innerhalb von zwei Monaten nach Beginn des Unterrichts im neuen Schuljahr f\u00fcr zwei Jahre gew\u00e4hlt.<\/p>\n","protected":false},"excerpt":{"rendered":"<p>Schulkonferenz Die Schulkonferenz ist mit dem neuen Schulgesetz (\u00a7 75 ff) das oberste Beratungs- und Beschlussgremium jeder Schule! Aufgaben: Die Schulkonferenz dient der Zusammenarbeit von Sch\u00fclerinnen und Sch\u00fclern, deren Erziehungsberechtigten und dem Schulpersonal. Die Schulkonferenz ber\u00e4t alle wichtigen Angelegenheiten der Schule und vermittelt bei Meinungsverschiedenheiten. Sie kann gegen\u00fcber den anderen Konferenzen Empfehlungen abgeben; die Empfehlung [&hellip;]<\/p>\n","protected":false},"author":7,"featured_media":0,"parent":1956,"menu_order":0,"comment_status":"open","ping_status":"open","template":"","meta":{"ngg_post_thumbnail":0,"footnotes":""},"_links":{"self":[{"href":"https:\/\/www.grundschule-amhohenfeld.de\/wp-json\/wp\/v2\/pages\/1959"}],"collection":[{"href":"https:\/\/www.grundschule-amhohenfeld.de\/wp-json\/wp\/v2\/pages"}],"about":[{"href":"https:\/\/www.grundschule-amhohenfeld.de\/wp-json\/wp\/v2\/types\/page"}],"author":[{"embeddable":true,"href":"https:\/\/www.grundschule-amhohenfeld.de\/wp-json\/wp\/v2\/users\/7"}],"replies":[{"embeddable":true,"href":"https:\/\/www.grundschule-amhohenfeld.de\/wp-json\/wp\/v2\/comments?post=1959"}],"version-history":[{"count":2,"href":"https:\/\/www.grundschule-amhohenfeld.de\/wp-json\/wp\/v2\/pages\/1959\/revisions"}],"predecessor-version":[{"id":1961,"href":"https:\/\/www.grundschule-amhohenfeld.de\/wp-json\/wp\/v2\/pages\/1959\/revisions\/1961"}],"up":[{"embeddable":true,"href":"https:\/\/www.grundschule-amhohenfeld.de\/wp-json\/wp\/v2\/pages\/1956"}],"wp:attachment":[{"href":"https:\/\/www.grundschule-amhohenfeld.de\/wp-json\/wp\/v2\/media?parent=1959"}],"curies":[{"name":"wp","href":"https:\/\/api.w.org\/{rel}","templated":true}]}}