{"id":1956,"date":"2015-05-27T16:45:07","date_gmt":"2015-05-27T14:45:07","guid":{"rendered":"http:\/\/grundschule-am-hohen-feld.de\/?page_id=1956"},"modified":"2015-07-10T06:55:02","modified_gmt":"2015-07-10T04:55:02","slug":"gremien","status":"publish","type":"page","link":"https:\/\/www.grundschule-amhohenfeld.de\/gremien\/","title":{"rendered":"Gremien"},"content":{"rendered":"<p><strong>Schulkonferenz<\/strong><\/p>\n<p>Die Schulkonferenz ist mit dem neuen Schulgesetz (\u00a7 75 ff) das oberste Beratungs- und Beschlussgremium jeder&#8230; <a href=\"http:\/\/grundschule-amhohenfeld.de\/gremien\/schulkonferenz\/\">weiter informieren<\/a><\/p>\n<p><strong>Gesamtkonferenz<\/strong><\/p>\n<p>Die Gesamtkonferenz der Lehrkr\u00e4fte ist das Beratungs- und Beschlussgremium aller an der Schule t\u00e4tigen Lehrkr\u00e4fte und&#8230; <a href=\"http:\/\/www.grundschule-amhohenfeld.de\/gremien\/gesamtkonferenz\/\">weiter informieren<\/a><\/p>\n<p><strong>Fachkonferenzen<\/strong><\/p>\n<p>Die Gesamtkonferenz der Lehrkr\u00e4fte bildet f\u00fcr F\u00e4cher, Lernbereiche oder Fachbereiche Fachkonferenzen. Sie kann&#8230; <a href=\"http:\/\/www.grundschule-amhohenfeld.de\/gremien\/fachkonferenz\/\">weiter\u00a0informieren<\/a><\/p>\n<p><strong>Bezirkselternausschuss (BEA) Bezirk Pankow<\/strong><\/p>\n<p>Das Schulgesetz regelt in \u00a7 110 die Einrichtung der Bezirksaussch\u00fcsse. Daraus ist abzuleiten, dass&#8230; <a href=\"http:\/\/www.grundschule-amhohenfeld.de\/gremien\/bezirkselternausschuss\/\">weiter informieren<\/a><\/p>\n<p><strong>Sch\u00fclervertretungen<\/strong><\/p>\n<p>Ab Klassenstufe 3 werden in den Lerngruppen Klassensprecher\/innen gew\u00e4hlt. Alle Klassensprecher\/innen&#8230; <a href=\"http:\/\/www.grundschule-amhohenfeld.de\/gremien\/schuelervertretung\/\">weiter informieren<\/a><\/p>\n<p>Hier k\u00f6nnen Sie sich das aktuelle Organigramm als PDF-Datei ansehen. Das Organigram wird derzeit \u00fcberarbeitet.<\/p>\n","protected":false},"excerpt":{"rendered":"<p>Schulkonferenz Die Schulkonferenz ist mit dem neuen Schulgesetz (\u00a7 75 ff) das oberste Beratungs- und Beschlussgremium jeder&#8230; weiter informieren Gesamtkonferenz Die Gesamtkonferenz der Lehrkr\u00e4fte ist das Beratungs- und Beschlussgremium aller an der Schule t\u00e4tigen Lehrkr\u00e4fte und&#8230; weiter informieren Fachkonferenzen Die Gesamtkonferenz der Lehrkr\u00e4fte bildet f\u00fcr F\u00e4cher, Lernbereiche oder Fachbereiche Fachkonferenzen. Sie kann&#8230; weiter\u00a0informieren Bezirkselternausschuss (BEA) [&hellip;]<\/p>\n","protected":false},"author":7,"featured_media":0,"parent":0,"menu_order":0,"comment_status":"open","ping_status":"open","template":"","meta":{"ngg_post_thumbnail":0,"footnotes":""},"_links":{"self":[{"href":"https:\/\/www.grundschule-amhohenfeld.de\/wp-json\/wp\/v2\/pages\/1956"}],"collection":[{"href":"https:\/\/www.grundschule-amhohenfeld.de\/wp-json\/wp\/v2\/pages"}],"about":[{"href":"https:\/\/www.grundschule-amhohenfeld.de\/wp-json\/wp\/v2\/types\/page"}],"author":[{"embeddable":true,"href":"https:\/\/www.grundschule-amhohenfeld.de\/wp-json\/wp\/v2\/users\/7"}],"replies":[{"embeddable":true,"href":"https:\/\/www.grundschule-amhohenfeld.de\/wp-json\/wp\/v2\/comments?post=1956"}],"version-history":[{"count":9,"href":"https:\/\/www.grundschule-amhohenfeld.de\/wp-json\/wp\/v2\/pages\/1956\/revisions"}],"predecessor-version":[{"id":3959,"href":"https:\/\/www.grundschule-amhohenfeld.de\/wp-json\/wp\/v2\/pages\/1956\/revisions\/3959"}],"wp:attachment":[{"href":"https:\/\/www.grundschule-amhohenfeld.de\/wp-json\/wp\/v2\/media?parent=1956"}],"curies":[{"name":"wp","href":"https:\/\/api.w.org\/{rel}","templated":true}]}}